{"id":2843,"date":"2022-02-18T14:45:58","date_gmt":"2022-02-18T13:45:58","guid":{"rendered":"http:\/\/www.hoteldesalpes.com\/special-covid-19\/"},"modified":"2022-02-22T14:19:54","modified_gmt":"2022-02-22T13:19:54","slug":"special-covid-19","status":"publish","type":"page","link":"https:\/\/www.hoteldesalpes.com\/fr\/special-covid-19\/","title":{"rendered":"Sp\u00e9cial Covid-19"},"content":{"rendered":"<section class=\"l-section wpb_row us_custom_6df4bc3a has_text_color height_huge with_img parallax_ver\"><div class=\"l-section-img\" style=\"background-image: url(https:\/\/www.hoteldesalpes.com\/wp-content\/uploads\/2022\/02\/hotel-des-alpes-rivoli-qr-code.jpg);background-repeat: no-repeat;\" data-img-width=\"2000\" data-img-height=\"1331\"><\/div><div class=\"l-section-h i-cf\"><div class=\"g-cols vc_row via_grid cols_1 laptops-cols_inherit tablets-cols_inherit mobiles-cols_1 valign_top type_default stacking_default\"><div class=\"wpb_column vc_column_container\"><div class=\"vc_column-inner\"><div class=\"wpb_text_column\"><div class=\"wpb_wrapper\"><h1><strong>SP\u00c9CIAL<\/strong><br \/>\n<strong>COVID-19<\/strong><\/h1>\n<\/div><\/div><\/div><\/div><\/div><\/div><\/section><section class=\"l-section wpb_row height_small\"><div class=\"l-section-h i-cf\"><div class=\"g-cols vc_row via_grid cols_1 laptops-cols_inherit tablets-cols_inherit mobiles-cols_1 valign_top type_default stacking_default\"><div class=\"wpb_column vc_column_container\"><div class=\"vc_column-inner\"><div class=\"wpb_text_column\"><div class=\"wpb_wrapper\"><h3 style=\"text-align: center;\"><strong><span style=\"color: #af1f3e;\">RESTEZ EN S\u00c9CURIT\u00c9<\/span><br \/>\n<\/strong><\/h3>\n<\/div><\/div><div class=\"w-separator size_small\"><\/div><div class=\"wpb_text_column\"><div class=\"wpb_wrapper\"><h6 style=\"text-align: justify;\">L\u2019H\u00f4tel des Alpes a \u00e9t\u00e9 structur\u00e9 pour que les clients puissent <strong>rester en s\u00e9curit\u00e9<\/strong>.<\/h6>\n<h6>Les directives de l\u2019OMS sont respect\u00e9es, c\u2019est pourquoi les espaces communs ont \u00e9t\u00e9 r\u00e9organis\u00e9s pour permettre aux clients de se d\u00e9placer en toute s\u00e9curit\u00e9, assurant ainsi les distances prescrites et surveillant leur conformit\u00e9. Le traitement d\u00e9sinfectant avec des dispositifs d\u2019ozonation a \u00e9galement \u00e9t\u00e9 organis\u00e9 pour les chambres et les espaces communs. En entrant dans l\u2019h\u00f4tel, vous sentez que rien n\u2019a \u00e9t\u00e9 laiss\u00e9 au hasard; pour la s\u00e9curit\u00e9, les itin\u00e9raires sont bien indiqu\u00e9s, l\u2019acc\u00e8s \u00e0 la r\u00e9ception est r\u00e9glement\u00e9 et ordonn\u00e9 et donc pour les ascenseurs aux \u00e9tages sup\u00e9rieurs.<\/h6>\n<h6 style=\"text-align: justify;\">Presque toutes les chambres sont r\u00e9serv\u00e9es aux non-fumeurs; les chambres fumeurs disposent d\u2019un <strong>balcon<\/strong>. Il y a deux chambres accessibles avec salle de bains pour <strong>les personnes handicap\u00e9es<\/strong>. Nos chambres grandes et spacieuses sont accessibles pour ceux qui voyagent avec l\u2019aide d\u2019un fauteuil roulant; certains d\u2019entre eux sont situ\u00e9s au <strong>rez-de-chauss\u00e9e<\/strong>.<\/h6>\n<h6 style=\"text-align: justify;\">L\u2019entr\u00e9e de la salle de petit-d\u00e9jeuner est r\u00e9glement\u00e9e et contr\u00f4l\u00e9e; le buffet \u00e0 cette p\u00e9riode est assist\u00e9 par une serveuse pour \u00e9viter tout contact, chaque si\u00e8ge a une distance d\u2019au moins 1,00 m\u00e8tre, les tables de plus de 1 m\u00e8tre carr\u00e9 donc pas plus de 4 personnes sur 10 m\u00e8tres carr\u00e9s; m\u00eames r\u00e8gles pour le bar. Le restaurant Sirio offre une excellente opportunit\u00e9 pour les repas \u00e0 l\u2019int\u00e9rieur de l\u2019h\u00f4tel dans un environnement spacieux et a\u00e9r\u00e9 avec des tables espac\u00e9es, une cuisine pi\u00e9montaise et des vins pour une d\u00e9tente en toute s\u00e9curit\u00e9. Les chambres sont d\u00e9sinfect\u00e9es avec soin et soumises \u00e0 un traitement \u00e0 l\u2019ozone.<br \/>\nIl existe \u00e9galement de grandes chambres doubles avec des lits simples s\u00e9par\u00e9s de plus de 2 m\u00e8tres.<\/h6>\n<h6>Tous les textiles utilis\u00e9s dans les locaux sont d\u00e9sinfect\u00e9s selon les exigences de la norme UNI EN 14065 \u00abTextiles trait\u00e9s dans le linge \u2013 Syst\u00e8me de contr\u00f4le de la biocontamination\u00bb.<\/h6>\n<\/div><\/div><div class=\"w-separator size_small\"><\/div><div class=\"w-grid type_grid layout_2302 cols_4 ratio_1x1\" id=\"us_grid_1\" data-filterable=\"true\"><style>#us_grid_1 .w-grid-item{padding:0.5rem}#us_grid_1 .w-grid-list{margin:-0.5rem}.w-grid + #us_grid_1 .w-grid-list,.w-grid-none + #us_grid_1 .w-grid-list{margin-top:0.5rem}@media (max-width:1199px){#us_grid_1 .w-grid-item{width:33.3333%}#us_grid_1 .w-grid-item.size_2x1,#us_grid_1 .w-grid-item.size_2x2{width:66.6667%}}@media (max-width:899px){#us_grid_1 .w-grid-item{width:50%}#us_grid_1 .w-grid-item.size_2x1,#us_grid_1 .w-grid-item.size_2x2{width:100%}}@media (max-width:599px){#us_grid_1 .w-grid-list{margin:0}#us_grid_1 .w-grid-item{width:100%;padding:0;margin-bottom:0.5rem}}.layout_2302 .w-grid-item-h:before{padding-bottom:100%}@media (min-width:600px){.layout_2302 .w-grid-item.size_1x2 .w-grid-item-h:before{padding-bottom:calc(200% + 0.5rem + 0.5rem)}.layout_2302 .w-grid-item.size_2x1 .w-grid-item-h:before{padding-bottom:calc(50% - 0.5rem * 1)}.layout_2302 .w-grid-item.size_2x2 .w-grid-item-h:before{padding-bottom:calc(100% - 0.5rem * 0)}}.layout_2302 .w-grid-item-h{}.layout_2302 .usg_post_image_1{transition-duration:0.3s;transform-origin:50% 50%;transform:scale(0.95) translate(0%,0%)}.layout_2302 .w-grid-item-h:hover .usg_post_image_1{transform:scale(1) translate(0%,0%);opacity:1}.layout_2302 .usg_post_image_1{position:absolute!important}<\/style><div class=\"w-grid-list\">\t<article class=\"w-grid-item post-2765 attachment type-attachment status-inherit hentry\" data-id=\"2765\">\r\n\t\t<div class=\"w-grid-item-h\">\r\n\t\t\t\t\t\t<div class=\"w-post-elm post_image usg_post_image_1 has_ratio\"><div style=\"padding-bottom:100%\"><\/div><a href=\"https:\/\/www.hoteldesalpes.com\/wp-content\/uploads\/2022\/02\/hotel-des-alpes-pulizie.jpg\" ref=\"magnificPopup\" aria-label=\"hotel-des-alpes-pulizie\"><img width=\"1024\" height=\"684\" src=\"https:\/\/www.hoteldesalpes.com\/wp-content\/uploads\/2022\/02\/hotel-des-alpes-pulizie-1024x684.jpg\" class=\"attachment-large size-large\" alt=\"\" decoding=\"async\" loading=\"lazy\" srcset=\"https:\/\/www.hoteldesalpes.com\/wp-content\/uploads\/2022\/02\/hotel-des-alpes-pulizie-1024x684.jpg 1024w, https:\/\/www.hoteldesalpes.com\/wp-content\/uploads\/2022\/02\/hotel-des-alpes-pulizie-300x200.jpg 300w, https:\/\/www.hoteldesalpes.com\/wp-content\/uploads\/2022\/02\/hotel-des-alpes-pulizie.jpg 1200w\" sizes=\"(max-width: 1024px) 100vw, 1024px\" \/><\/a><\/div>\t\t<\/div>\r\n\t<\/article>\r\n\t<article class=\"w-grid-item post-2739 attachment type-attachment status-inherit hentry\" data-id=\"2739\">\r\n\t\t<div class=\"w-grid-item-h\">\r\n\t\t\t\t\t\t<div class=\"w-post-elm post_image usg_post_image_1 has_ratio\"><div style=\"padding-bottom:100%\"><\/div><a href=\"https:\/\/www.hoteldesalpes.com\/wp-content\/uploads\/2022\/02\/hotel-des-alpes-serena.jpeg\" ref=\"magnificPopup\" aria-label=\"hotel-des-alpes-serena\"><img width=\"1024\" height=\"1024\" src=\"https:\/\/www.hoteldesalpes.com\/wp-content\/uploads\/2022\/02\/hotel-des-alpes-serena-1024x1024.jpeg\" class=\"attachment-large size-large\" alt=\"\" decoding=\"async\" loading=\"lazy\" srcset=\"https:\/\/www.hoteldesalpes.com\/wp-content\/uploads\/2022\/02\/hotel-des-alpes-serena-1024x1024.jpeg 1024w, https:\/\/www.hoteldesalpes.com\/wp-content\/uploads\/2022\/02\/hotel-des-alpes-serena-300x300.jpeg 300w, https:\/\/www.hoteldesalpes.com\/wp-content\/uploads\/2022\/02\/hotel-des-alpes-serena-150x150.jpeg 150w, https:\/\/www.hoteldesalpes.com\/wp-content\/uploads\/2022\/02\/hotel-des-alpes-serena.jpeg 1104w\" sizes=\"(max-width: 1024px) 100vw, 1024px\" \/><\/a><\/div>\t\t<\/div>\r\n\t<\/article>\r\n\t<article class=\"w-grid-item post-2723 attachment type-attachment status-inherit hentry\" data-id=\"2723\">\r\n\t\t<div class=\"w-grid-item-h\">\r\n\t\t\t\t\t\t<div class=\"w-post-elm post_image usg_post_image_1 has_ratio\"><div style=\"padding-bottom:100%\"><\/div><a href=\"https:\/\/www.hoteldesalpes.com\/wp-content\/uploads\/2022\/02\/chef-hotel-des-alpes.jpg\" ref=\"magnificPopup\" aria-label=\"chef-hotel-des-alpes\"><img width=\"1024\" height=\"684\" src=\"https:\/\/www.hoteldesalpes.com\/wp-content\/uploads\/2022\/02\/chef-hotel-des-alpes-1024x684.jpg\" class=\"attachment-large size-large\" alt=\"\" decoding=\"async\" loading=\"lazy\" srcset=\"https:\/\/www.hoteldesalpes.com\/wp-content\/uploads\/2022\/02\/chef-hotel-des-alpes-1024x684.jpg 1024w, https:\/\/www.hoteldesalpes.com\/wp-content\/uploads\/2022\/02\/chef-hotel-des-alpes-300x200.jpg 300w, https:\/\/www.hoteldesalpes.com\/wp-content\/uploads\/2022\/02\/chef-hotel-des-alpes.jpg 1200w\" sizes=\"(max-width: 1024px) 100vw, 1024px\" \/><\/a><\/div>\t\t<\/div>\r\n\t<\/article>\r\n\t<article class=\"w-grid-item post-2642 attachment type-attachment status-inherit hentry\" data-id=\"2642\">\r\n\t\t<div class=\"w-grid-item-h\">\r\n\t\t\t\t\t\t<div class=\"w-post-elm post_image usg_post_image_1 has_ratio\"><div style=\"padding-bottom:100%\"><\/div><a href=\"https:\/\/www.hoteldesalpes.com\/wp-content\/uploads\/2022\/02\/hoteldesalpes-hotel-torino-rivoli-bar-colazione-continentale-01.jpg\" ref=\"magnificPopup\" aria-label=\"hoteldesalpes-hotel-torino-rivoli-bar-colazione-continentale-01\"><img width=\"1024\" height=\"684\" src=\"https:\/\/www.hoteldesalpes.com\/wp-content\/uploads\/2022\/02\/hoteldesalpes-hotel-torino-rivoli-bar-colazione-continentale-01-1024x684.jpg\" class=\"attachment-large size-large\" alt=\"\" decoding=\"async\" loading=\"lazy\" srcset=\"https:\/\/www.hoteldesalpes.com\/wp-content\/uploads\/2022\/02\/hoteldesalpes-hotel-torino-rivoli-bar-colazione-continentale-01-1024x684.jpg 1024w, https:\/\/www.hoteldesalpes.com\/wp-content\/uploads\/2022\/02\/hoteldesalpes-hotel-torino-rivoli-bar-colazione-continentale-01-300x200.jpg 300w, https:\/\/www.hoteldesalpes.com\/wp-content\/uploads\/2022\/02\/hoteldesalpes-hotel-torino-rivoli-bar-colazione-continentale-01.jpg 1200w\" sizes=\"(max-width: 1024px) 100vw, 1024px\" \/><\/a><\/div>\t\t<\/div>\r\n\t<\/article>\r\n<\/div><div class=\"w-grid-preloader\"><div class=\"g-preloader type_1\">\r\n\t<div><\/div>\r\n<\/div>\r\n<\/div>\t<div class=\"w-grid-json hidden\" onclick='return {&quot;action&quot;:&quot;us_ajax_grid&quot;,&quot;ajax_url&quot;:&quot;https:\\\/\\\/www.hoteldesalpes.com\\\/wp-admin\\\/admin-ajax.php&quot;,&quot;infinite_scroll&quot;:0,&quot;max_num_pages&quot;:1,&quot;pagination&quot;:&quot;none&quot;,&quot;permalink_url&quot;:&quot;https:\\\/\\\/www.hoteldesalpes.com\\\/fr\\\/wp-json\\\/wp\\\/v2\\\/pages\\\/2843\\\/&quot;,&quot;template_vars&quot;:{&quot;columns&quot;:&quot;4&quot;,&quot;exclude_items&quot;:&quot;none&quot;,&quot;img_size&quot;:&quot;default&quot;,&quot;ignore_items_size&quot;:0,&quot;items_layout&quot;:&quot;2302&quot;,&quot;items_offset&quot;:&quot;1&quot;,&quot;load_animation&quot;:&quot;none&quot;,&quot;overriding_link&quot;:&quot;none&quot;,&quot;post_id&quot;:2843,&quot;query_args&quot;:{&quot;post_type&quot;:[&quot;attachment&quot;],&quot;post__in&quot;:[&quot;2532&quot;,&quot;2524&quot;,&quot;2464&quot;,&quot;2575&quot;],&quot;post_status&quot;:&quot;inherit&quot;,&quot;post_mime_type&quot;:&quot;image&quot;,&quot;posts_per_page&quot;:&quot;10&quot;},&quot;orderby_query_args&quot;:{&quot;orderby&quot;:{&quot;date&quot;:&quot;DESC&quot;}},&quot;type&quot;:&quot;grid&quot;,&quot;us_grid_ajax_index&quot;:1,&quot;us_grid_filter_params&quot;:null,&quot;us_grid_index&quot;:1,&quot;_us_grid_post_type&quot;:&quot;attachment&quot;,&quot;lang&quot;:&quot;fr&quot;}}'><\/div>\r\n\t<\/div><div class=\"w-separator size_small\"><\/div><div class=\"wpb_text_column\"><div class=\"wpb_wrapper\"><h5 style=\"text-align: center;\"><strong><span style=\"color: #af1f3e;\">Tout ce qui est d\u00e9crit est valable jusqu\u2019\u00e0 de nouvelles dispositions<\/span><br \/>\n<\/strong><\/h5>\n<\/div><\/div><\/div><\/div><\/div><\/div><\/section>\n","protected":false},"excerpt":{"rendered":"","protected":false},"author":2,"featured_media":0,"parent":0,"menu_order":0,"comment_status":"closed","ping_status":"closed","template":"","meta":[],"yoast_head":"<!-- This site is optimized with the Yoast SEO plugin v19.10 - https:\/\/yoast.com\/wordpress\/plugins\/seo\/ -->\n<title>Sp\u00e9cial Covid-19 - Hotel Desalpes<\/title>\n<meta name=\"robots\" content=\"index, follow, max-snippet:-1, max-image-preview:large, max-video-preview:-1\" \/>\n<link rel=\"canonical\" href=\"https:\/\/www.hoteldesalpes.com\/fr\/special-covid-19\/\" \/>\n<meta property=\"og:locale\" content=\"fr_FR\" \/>\n<meta property=\"og:type\" content=\"article\" \/>\n<meta property=\"og:title\" content=\"Sp\u00e9cial Covid-19 - Hotel Desalpes\" \/>\n<meta property=\"og:url\" content=\"https:\/\/www.hoteldesalpes.com\/fr\/special-covid-19\/\" \/>\n<meta property=\"og:site_name\" content=\"Hotel Desalpes\" \/>\n<meta property=\"article:publisher\" content=\"https:\/\/www.facebook.com\/HotelDesAlpesTo\/?fref=ts\" \/>\n<meta property=\"article:modified_time\" content=\"2022-02-22T13:19:54+00:00\" \/>\n<meta name=\"twitter:card\" content=\"summary_large_image\" \/>\n<meta name=\"twitter:label1\" content=\"Dur\u00e9e de lecture estim\u00e9e\" \/>\n\t<meta name=\"twitter:data1\" content=\"2 minutes\" \/>\n<script type=\"application\/ld+json\" class=\"yoast-schema-graph\">{\"@context\":\"https:\/\/schema.org\",\"@graph\":[{\"@type\":\"WebPage\",\"@id\":\"https:\/\/www.hoteldesalpes.com\/fr\/special-covid-19\/\",\"url\":\"https:\/\/www.hoteldesalpes.com\/fr\/special-covid-19\/\",\"name\":\"Sp\u00e9cial Covid-19 - Hotel Desalpes\",\"isPartOf\":{\"@id\":\"https:\/\/www.hoteldesalpes.com\/fr\/#website\"},\"datePublished\":\"2022-02-18T13:45:58+00:00\",\"dateModified\":\"2022-02-22T13:19:54+00:00\",\"breadcrumb\":{\"@id\":\"https:\/\/www.hoteldesalpes.com\/fr\/special-covid-19\/#breadcrumb\"},\"inLanguage\":\"fr-FR\",\"potentialAction\":[{\"@type\":\"ReadAction\",\"target\":[\"https:\/\/www.hoteldesalpes.com\/fr\/special-covid-19\/\"]}]},{\"@type\":\"BreadcrumbList\",\"@id\":\"https:\/\/www.hoteldesalpes.com\/fr\/special-covid-19\/#breadcrumb\",\"itemListElement\":[{\"@type\":\"ListItem\",\"position\":1,\"name\":\"Home\",\"item\":\"https:\/\/www.hoteldesalpes.com\/fr\/home\/\"},{\"@type\":\"ListItem\",\"position\":2,\"name\":\"Sp\u00e9cial Covid-19\"}]},{\"@type\":\"WebSite\",\"@id\":\"https:\/\/www.hoteldesalpes.com\/fr\/#website\",\"url\":\"https:\/\/www.hoteldesalpes.com\/fr\/\",\"name\":\"Hotel Desalpes\",\"description\":\"Hotel 3 stelle a Rosta, a venti minuti da Torino\",\"publisher\":{\"@id\":\"https:\/\/www.hoteldesalpes.com\/fr\/#organization\"},\"potentialAction\":[{\"@type\":\"SearchAction\",\"target\":{\"@type\":\"EntryPoint\",\"urlTemplate\":\"https:\/\/www.hoteldesalpes.com\/fr\/?s={search_term_string}\"},\"query-input\":\"required name=search_term_string\"}],\"inLanguage\":\"fr-FR\"},{\"@type\":\"Organization\",\"@id\":\"https:\/\/www.hoteldesalpes.com\/fr\/#organization\",\"name\":\"Hotel des Alpes\",\"url\":\"https:\/\/www.hoteldesalpes.com\/fr\/\",\"logo\":{\"@type\":\"ImageObject\",\"inLanguage\":\"fr-FR\",\"@id\":\"https:\/\/www.hoteldesalpes.com\/fr\/#\/schema\/logo\/image\/\",\"url\":\"http:\/\/www.hoteldesalpes.com\/wp-content\/uploads\/2017\/07\/logo-hoteldesalpes-torino-1-1.png\",\"contentUrl\":\"http:\/\/www.hoteldesalpes.com\/wp-content\/uploads\/2017\/07\/logo-hoteldesalpes-torino-1-1.png\",\"width\":426,\"height\":66,\"caption\":\"Hotel des Alpes\"},\"image\":{\"@id\":\"https:\/\/www.hoteldesalpes.com\/fr\/#\/schema\/logo\/image\/\"},\"sameAs\":[\"https:\/\/www.instagram.com\/hoteldesalpes.rosta\/?hl=it\",\"https:\/\/www.facebook.com\/HotelDesAlpesTo\/?fref=ts\"]}]}<\/script>\n<!-- \/ Yoast SEO plugin. -->","yoast_head_json":{"title":"Sp\u00e9cial Covid-19 - Hotel Desalpes","robots":{"index":"index","follow":"follow","max-snippet":"max-snippet:-1","max-image-preview":"max-image-preview:large","max-video-preview":"max-video-preview:-1"},"canonical":"https:\/\/www.hoteldesalpes.com\/fr\/special-covid-19\/","og_locale":"fr_FR","og_type":"article","og_title":"Sp\u00e9cial Covid-19 - Hotel Desalpes","og_url":"https:\/\/www.hoteldesalpes.com\/fr\/special-covid-19\/","og_site_name":"Hotel Desalpes","article_publisher":"https:\/\/www.facebook.com\/HotelDesAlpesTo\/?fref=ts","article_modified_time":"2022-02-22T13:19:54+00:00","twitter_card":"summary_large_image","twitter_misc":{"Dur\u00e9e de lecture estim\u00e9e":"2 minutes"},"schema":{"@context":"https:\/\/schema.org","@graph":[{"@type":"WebPage","@id":"https:\/\/www.hoteldesalpes.com\/fr\/special-covid-19\/","url":"https:\/\/www.hoteldesalpes.com\/fr\/special-covid-19\/","name":"Sp\u00e9cial Covid-19 - Hotel Desalpes","isPartOf":{"@id":"https:\/\/www.hoteldesalpes.com\/fr\/#website"},"datePublished":"2022-02-18T13:45:58+00:00","dateModified":"2022-02-22T13:19:54+00:00","breadcrumb":{"@id":"https:\/\/www.hoteldesalpes.com\/fr\/special-covid-19\/#breadcrumb"},"inLanguage":"fr-FR","potentialAction":[{"@type":"ReadAction","target":["https:\/\/www.hoteldesalpes.com\/fr\/special-covid-19\/"]}]},{"@type":"BreadcrumbList","@id":"https:\/\/www.hoteldesalpes.com\/fr\/special-covid-19\/#breadcrumb","itemListElement":[{"@type":"ListItem","position":1,"name":"Home","item":"https:\/\/www.hoteldesalpes.com\/fr\/home\/"},{"@type":"ListItem","position":2,"name":"Sp\u00e9cial Covid-19"}]},{"@type":"WebSite","@id":"https:\/\/www.hoteldesalpes.com\/fr\/#website","url":"https:\/\/www.hoteldesalpes.com\/fr\/","name":"Hotel Desalpes","description":"Hotel 3 stelle a Rosta, a venti minuti da Torino","publisher":{"@id":"https:\/\/www.hoteldesalpes.com\/fr\/#organization"},"potentialAction":[{"@type":"SearchAction","target":{"@type":"EntryPoint","urlTemplate":"https:\/\/www.hoteldesalpes.com\/fr\/?s={search_term_string}"},"query-input":"required name=search_term_string"}],"inLanguage":"fr-FR"},{"@type":"Organization","@id":"https:\/\/www.hoteldesalpes.com\/fr\/#organization","name":"Hotel des Alpes","url":"https:\/\/www.hoteldesalpes.com\/fr\/","logo":{"@type":"ImageObject","inLanguage":"fr-FR","@id":"https:\/\/www.hoteldesalpes.com\/fr\/#\/schema\/logo\/image\/","url":"http:\/\/www.hoteldesalpes.com\/wp-content\/uploads\/2017\/07\/logo-hoteldesalpes-torino-1-1.png","contentUrl":"http:\/\/www.hoteldesalpes.com\/wp-content\/uploads\/2017\/07\/logo-hoteldesalpes-torino-1-1.png","width":426,"height":66,"caption":"Hotel des Alpes"},"image":{"@id":"https:\/\/www.hoteldesalpes.com\/fr\/#\/schema\/logo\/image\/"},"sameAs":["https:\/\/www.instagram.com\/hoteldesalpes.rosta\/?hl=it","https:\/\/www.facebook.com\/HotelDesAlpesTo\/?fref=ts"]}]}},"_links":{"self":[{"href":"https:\/\/www.hoteldesalpes.com\/fr\/wp-json\/wp\/v2\/pages\/2843"}],"collection":[{"href":"https:\/\/www.hoteldesalpes.com\/fr\/wp-json\/wp\/v2\/pages"}],"about":[{"href":"https:\/\/www.hoteldesalpes.com\/fr\/wp-json\/wp\/v2\/types\/page"}],"author":[{"embeddable":true,"href":"https:\/\/www.hoteldesalpes.com\/fr\/wp-json\/wp\/v2\/users\/2"}],"replies":[{"embeddable":true,"href":"https:\/\/www.hoteldesalpes.com\/fr\/wp-json\/wp\/v2\/comments?post=2843"}],"version-history":[{"count":2,"href":"https:\/\/www.hoteldesalpes.com\/fr\/wp-json\/wp\/v2\/pages\/2843\/revisions"}],"predecessor-version":[{"id":2845,"href":"https:\/\/www.hoteldesalpes.com\/fr\/wp-json\/wp\/v2\/pages\/2843\/revisions\/2845"}],"wp:attachment":[{"href":"https:\/\/www.hoteldesalpes.com\/fr\/wp-json\/wp\/v2\/media?parent=2843"}],"curies":[{"name":"wp","href":"https:\/\/api.w.org\/{rel}","templated":true}]}}