{"id":2837,"date":"2022-02-18T11:48:25","date_gmt":"2022-02-18T10:48:25","guid":{"rendered":"http:\/\/www.hoteldesalpes.com\/offres\/"},"modified":"2022-02-28T15:48:02","modified_gmt":"2022-02-28T14:48:02","slug":"offres","status":"publish","type":"page","link":"https:\/\/www.hoteldesalpes.com\/fr\/offres\/","title":{"rendered":"Offres"},"content":{"rendered":"<section class=\"l-section wpb_row height_auto with_img\"><div class=\"l-section-img\" style=\"background-image: url(https:\/\/www.hoteldesalpes.com\/wp-content\/uploads\/2022\/02\/hotel-des-alpes-offerte.jpg);background-repeat: no-repeat;\" data-img-width=\"2000\" data-img-height=\"1333\"><\/div><div class=\"l-section-h i-cf\"><div class=\"g-cols vc_row via_grid cols_1 laptops-cols_inherit tablets-cols_inherit mobiles-cols_1 valign_top type_default stacking_default\"><div class=\"wpb_column vc_column_container\"><div class=\"vc_column-inner\"><div class=\"ult-spacer spacer-6a0a0dd48b479\" data-id=\"6a0a0dd48b479\" data-height=\"400\" data-height-mobile=\"300\" data-height-tab=\"300\" data-height-tab-portrait=\"300\" data-height-mobile-landscape=\"300\" style=\"clear:both;display:block;\"><\/div><\/div><\/div><\/div><\/div><\/section><section class=\"l-section wpb_row height_medium\"><div class=\"l-section-h i-cf\"><div class=\"g-cols vc_row via_grid cols_1 laptops-cols_inherit tablets-cols_inherit mobiles-cols_1 valign_top type_default stacking_default\"><div class=\"wpb_column vc_column_container\"><div class=\"vc_column-inner\"><div class=\"wpb_text_column\"><div class=\"wpb_wrapper\"><h3 style=\"text-align: center;\"><strong>OFFRE H\u00d4TEL DES ALPES<\/strong><\/h3>\n<\/div><\/div><div class=\"w-separator size_medium\"><\/div><div class=\"wpb_text_column\"><div class=\"wpb_wrapper\"><h6 style=\"text-align: center;\">Lire nos offres<\/h6>\n<\/div><\/div><div class=\"w-separator size_medium\"><\/div><div class=\"w-grid type_grid layout_3008 cols_3 overflow_hidden\" id=\"us_grid_1\" data-filterable=\"true\"><style>#us_grid_1 .w-grid-item{padding:1rem}#us_grid_1 .w-grid-list{margin:-1rem -1rem 1rem}.w-grid + #us_grid_1 .w-grid-list,.w-grid-none + #us_grid_1 .w-grid-list{margin-top:1rem}@media (max-width:899px){#us_grid_1 .w-grid-item{width:50%}}@media (max-width:599px){#us_grid_1 .w-grid-list{margin:0}#us_grid_1 .w-grid-item{width:100%;padding:0;margin-bottom:1rem}}.layout_3008 .w-grid-item-h{background:var(--color-content-bg);color:var(--color-content-heading);border-radius:0.3rem;box-shadow:0 0.03rem 0.06rem rgba(0,0,0,0.1),0 0.1rem 0.3rem rgba(0,0,0,0.1);transition-duration:0.3s}.no-touch .layout_3008 .w-grid-item-h:hover{box-shadow:0 0.12rem 0.24rem rgba(0,0,0,0.1),0 0.4rem 1.2rem rgba(0,0,0,0.15);z-index:4}.layout_3008 .usg_vwrapper_1{padding:0.8rem 1.5rem 1.5rem 1.5rem!important}.layout_3008 .usg_hwrapper_1{margin-bottom:0.3rem!important}.layout_3008 .usg_post_taxonomy_1{font-size:14px!important;font-weight:700!important;text-transform:uppercase!important;margin-right:0.6rem!important}.layout_3008 .usg_post_date_1{color:var(--color-content-faded)!important;font-size:14px!important;margin-bottom:0.3rem!important}.layout_3008 .usg_post_title_1{color:inherit!important;font-weight:700!important;font-size:1.4rem!important}@media (max-width:600px){.layout_3008 .usg_post_title_1{font-size:1.2rem!important}}<\/style><div class=\"w-grid-list\">\t<article class=\"w-grid-item size_1x1 post-3110 post type-post status-publish format-standard has-post-thumbnail hentry category-offres tag-montagne tag-turin-fr tag-val-susa-fr\" data-id=\"3110\">\r\n\t\t<div class=\"w-grid-item-h\">\r\n\t\t\t\t\t\t<div class=\"w-post-elm post_image usg_post_image_1 has_ratio\"><div style=\"padding-bottom:56.25%\"><\/div><a href=\"https:\/\/www.hoteldesalpes.com\/fr\/special-motocycliste\/\" aria-label=\"Special motocycliste\"><img width=\"2560\" height=\"1706\" src=\"https:\/\/www.hoteldesalpes.com\/wp-content\/uploads\/2022\/02\/hotel-des-alpes-moto.jpg\" class=\"attachment-full size-full wp-post-image\" alt=\"\" decoding=\"async\" loading=\"lazy\" srcset=\"https:\/\/www.hoteldesalpes.com\/wp-content\/uploads\/2022\/02\/hotel-des-alpes-moto.jpg 2560w, https:\/\/www.hoteldesalpes.com\/wp-content\/uploads\/2022\/02\/hotel-des-alpes-moto-300x200.jpg 300w, https:\/\/www.hoteldesalpes.com\/wp-content\/uploads\/2022\/02\/hotel-des-alpes-moto-1024x682.jpg 1024w\" sizes=\"(max-width: 2560px) 100vw, 2560px\" \/><\/a><\/div><div class=\"w-vwrapper usg_vwrapper_1 align_none valign_top\"><div class=\"w-hwrapper usg_hwrapper_1 align_none valign_top\"><div class=\"w-post-elm post_taxonomy usg_post_taxonomy_1 style_simple\"><a class=\"term-24 term-offres\" href=\"https:\/\/www.hoteldesalpes.com\/fr\/category\/offres\/\">Offres<\/a><\/div><time class=\"w-post-elm post_date usg_post_date_1 has_text_color entry-date published\" datetime=\"2020-02-22T15:36:06+01:00\" title=\"22 f\u00e9vrier 2020 \u00e0 15:36:06 Europe\/Rome\">22 f\u00e9vrier 2020<\/time><\/div><h2 class=\"w-post-elm post_title usg_post_title_1 has_text_color entry-title color_link_inherit\"><a href=\"https:\/\/www.hoteldesalpes.com\/fr\/special-motocycliste\/\">Special motocycliste<\/a><\/h2><\/div>\t\t<\/div>\r\n\t<\/article>\r\n<\/div><div class=\"w-grid-preloader\"><div class=\"g-preloader type_1\">\r\n\t<div><\/div>\r\n<\/div>\r\n<\/div>\t<div class=\"w-grid-json hidden\" onclick='return {&quot;action&quot;:&quot;us_ajax_grid&quot;,&quot;ajax_url&quot;:&quot;https:\\\/\\\/www.hoteldesalpes.com\\\/wp-admin\\\/admin-ajax.php&quot;,&quot;infinite_scroll&quot;:0,&quot;max_num_pages&quot;:1,&quot;pagination&quot;:&quot;ajax&quot;,&quot;permalink_url&quot;:&quot;https:\\\/\\\/www.hoteldesalpes.com\\\/fr\\\/wp-json\\\/wp\\\/v2\\\/pages\\\/2837\\\/&quot;,&quot;template_vars&quot;:{&quot;columns&quot;:&quot;3&quot;,&quot;exclude_items&quot;:&quot;none&quot;,&quot;img_size&quot;:&quot;default&quot;,&quot;ignore_items_size&quot;:0,&quot;items_layout&quot;:&quot;3008&quot;,&quot;items_offset&quot;:&quot;1&quot;,&quot;load_animation&quot;:&quot;none&quot;,&quot;overriding_link&quot;:&quot;none&quot;,&quot;post_id&quot;:2837,&quot;query_args&quot;:{&quot;post_type&quot;:[&quot;post&quot;],&quot;tax_query&quot;:[{&quot;taxonomy&quot;:&quot;category&quot;,&quot;field&quot;:&quot;slug&quot;,&quot;terms&quot;:[&quot;offres&quot;,&quot; restaurant-offres&quot;]}],&quot;post_status&quot;:[&quot;publish&quot;,&quot;mapped&quot;,&quot;needs_update&quot;],&quot;posts_per_page&quot;:&quot;9&quot;},&quot;orderby_query_args&quot;:{&quot;orderby&quot;:{&quot;date&quot;:&quot;DESC&quot;}},&quot;type&quot;:&quot;grid&quot;,&quot;us_grid_ajax_index&quot;:1,&quot;us_grid_filter_params&quot;:null,&quot;us_grid_index&quot;:1,&quot;_us_grid_post_type&quot;:&quot;post&quot;,&quot;lang&quot;:&quot;fr&quot;}}'><\/div>\r\n\t<\/div><\/div><\/div><\/div><\/div><\/section>\n","protected":false},"excerpt":{"rendered":"Pour nos invit\u00e9s motocyclistes une offre sp\u00e9ciale pour d\u00e9couvrire le Pi\u00e9mont et la France. R\u00e9duction du 10% au motocyclistes sur les tarifs du s\u00e9jour Surclassement en chambre superior Drink de Bienvenue gratuit Parking gratuit dans le Garage P\u00e9tit-d\u00e9jeuner \u00e0 buffet sucr\u00e9 et sal\u00e9 inclus Internet wifi gratuit Offre sous r\u00e9serve de disponibilit\u00e9, pas cumulatif avec...","protected":false},"author":2,"featured_media":0,"parent":0,"menu_order":0,"comment_status":"closed","ping_status":"closed","template":"","meta":[],"yoast_head":"<!-- This site is optimized with the Yoast SEO plugin v19.10 - https:\/\/yoast.com\/wordpress\/plugins\/seo\/ -->\n<title>Offres - Hotel Desalpes<\/title>\n<meta name=\"robots\" content=\"index, follow, max-snippet:-1, max-image-preview:large, max-video-preview:-1\" \/>\n<link rel=\"canonical\" href=\"https:\/\/www.hoteldesalpes.com\/fr\/offres\/\" \/>\n<meta property=\"og:locale\" content=\"fr_FR\" \/>\n<meta property=\"og:type\" content=\"article\" \/>\n<meta property=\"og:title\" content=\"Offres - Hotel Desalpes\" \/>\n<meta property=\"og:url\" content=\"https:\/\/www.hoteldesalpes.com\/fr\/offres\/\" \/>\n<meta property=\"og:site_name\" content=\"Hotel Desalpes\" \/>\n<meta property=\"article:publisher\" content=\"https:\/\/www.facebook.com\/HotelDesAlpesTo\/?fref=ts\" \/>\n<meta property=\"article:modified_time\" content=\"2022-02-28T14:48:02+00:00\" \/>\n<meta name=\"twitter:card\" content=\"summary_large_image\" \/>\n<meta name=\"twitter:label1\" content=\"Dur\u00e9e de lecture estim\u00e9e\" \/>\n\t<meta name=\"twitter:data1\" content=\"1 minute\" \/>\n<script type=\"application\/ld+json\" class=\"yoast-schema-graph\">{\"@context\":\"https:\/\/schema.org\",\"@graph\":[{\"@type\":\"WebPage\",\"@id\":\"https:\/\/www.hoteldesalpes.com\/fr\/offres\/\",\"url\":\"https:\/\/www.hoteldesalpes.com\/fr\/offres\/\",\"name\":\"Offres - Hotel Desalpes\",\"isPartOf\":{\"@id\":\"https:\/\/www.hoteldesalpes.com\/fr\/#website\"},\"datePublished\":\"2022-02-18T10:48:25+00:00\",\"dateModified\":\"2022-02-28T14:48:02+00:00\",\"breadcrumb\":{\"@id\":\"https:\/\/www.hoteldesalpes.com\/fr\/offres\/#breadcrumb\"},\"inLanguage\":\"fr-FR\",\"potentialAction\":[{\"@type\":\"ReadAction\",\"target\":[\"https:\/\/www.hoteldesalpes.com\/fr\/offres\/\"]}]},{\"@type\":\"BreadcrumbList\",\"@id\":\"https:\/\/www.hoteldesalpes.com\/fr\/offres\/#breadcrumb\",\"itemListElement\":[{\"@type\":\"ListItem\",\"position\":1,\"name\":\"Home\",\"item\":\"https:\/\/www.hoteldesalpes.com\/fr\/home\/\"},{\"@type\":\"ListItem\",\"position\":2,\"name\":\"Offres\"}]},{\"@type\":\"WebSite\",\"@id\":\"https:\/\/www.hoteldesalpes.com\/fr\/#website\",\"url\":\"https:\/\/www.hoteldesalpes.com\/fr\/\",\"name\":\"Hotel Desalpes\",\"description\":\"Hotel 3 stelle a Rosta, a venti minuti da Torino\",\"publisher\":{\"@id\":\"https:\/\/www.hoteldesalpes.com\/fr\/#organization\"},\"potentialAction\":[{\"@type\":\"SearchAction\",\"target\":{\"@type\":\"EntryPoint\",\"urlTemplate\":\"https:\/\/www.hoteldesalpes.com\/fr\/?s={search_term_string}\"},\"query-input\":\"required name=search_term_string\"}],\"inLanguage\":\"fr-FR\"},{\"@type\":\"Organization\",\"@id\":\"https:\/\/www.hoteldesalpes.com\/fr\/#organization\",\"name\":\"Hotel des Alpes\",\"url\":\"https:\/\/www.hoteldesalpes.com\/fr\/\",\"logo\":{\"@type\":\"ImageObject\",\"inLanguage\":\"fr-FR\",\"@id\":\"https:\/\/www.hoteldesalpes.com\/fr\/#\/schema\/logo\/image\/\",\"url\":\"http:\/\/www.hoteldesalpes.com\/wp-content\/uploads\/2017\/07\/logo-hoteldesalpes-torino-1-1.png\",\"contentUrl\":\"http:\/\/www.hoteldesalpes.com\/wp-content\/uploads\/2017\/07\/logo-hoteldesalpes-torino-1-1.png\",\"width\":426,\"height\":66,\"caption\":\"Hotel des Alpes\"},\"image\":{\"@id\":\"https:\/\/www.hoteldesalpes.com\/fr\/#\/schema\/logo\/image\/\"},\"sameAs\":[\"https:\/\/www.instagram.com\/hoteldesalpes.rosta\/?hl=it\",\"https:\/\/www.facebook.com\/HotelDesAlpesTo\/?fref=ts\"]}]}<\/script>\n<!-- \/ Yoast SEO plugin. -->","yoast_head_json":{"title":"Offres - Hotel Desalpes","robots":{"index":"index","follow":"follow","max-snippet":"max-snippet:-1","max-image-preview":"max-image-preview:large","max-video-preview":"max-video-preview:-1"},"canonical":"https:\/\/www.hoteldesalpes.com\/fr\/offres\/","og_locale":"fr_FR","og_type":"article","og_title":"Offres - Hotel Desalpes","og_url":"https:\/\/www.hoteldesalpes.com\/fr\/offres\/","og_site_name":"Hotel Desalpes","article_publisher":"https:\/\/www.facebook.com\/HotelDesAlpesTo\/?fref=ts","article_modified_time":"2022-02-28T14:48:02+00:00","twitter_card":"summary_large_image","twitter_misc":{"Dur\u00e9e de lecture estim\u00e9e":"1 minute"},"schema":{"@context":"https:\/\/schema.org","@graph":[{"@type":"WebPage","@id":"https:\/\/www.hoteldesalpes.com\/fr\/offres\/","url":"https:\/\/www.hoteldesalpes.com\/fr\/offres\/","name":"Offres - Hotel Desalpes","isPartOf":{"@id":"https:\/\/www.hoteldesalpes.com\/fr\/#website"},"datePublished":"2022-02-18T10:48:25+00:00","dateModified":"2022-02-28T14:48:02+00:00","breadcrumb":{"@id":"https:\/\/www.hoteldesalpes.com\/fr\/offres\/#breadcrumb"},"inLanguage":"fr-FR","potentialAction":[{"@type":"ReadAction","target":["https:\/\/www.hoteldesalpes.com\/fr\/offres\/"]}]},{"@type":"BreadcrumbList","@id":"https:\/\/www.hoteldesalpes.com\/fr\/offres\/#breadcrumb","itemListElement":[{"@type":"ListItem","position":1,"name":"Home","item":"https:\/\/www.hoteldesalpes.com\/fr\/home\/"},{"@type":"ListItem","position":2,"name":"Offres"}]},{"@type":"WebSite","@id":"https:\/\/www.hoteldesalpes.com\/fr\/#website","url":"https:\/\/www.hoteldesalpes.com\/fr\/","name":"Hotel Desalpes","description":"Hotel 3 stelle a Rosta, a venti minuti da Torino","publisher":{"@id":"https:\/\/www.hoteldesalpes.com\/fr\/#organization"},"potentialAction":[{"@type":"SearchAction","target":{"@type":"EntryPoint","urlTemplate":"https:\/\/www.hoteldesalpes.com\/fr\/?s={search_term_string}"},"query-input":"required name=search_term_string"}],"inLanguage":"fr-FR"},{"@type":"Organization","@id":"https:\/\/www.hoteldesalpes.com\/fr\/#organization","name":"Hotel des Alpes","url":"https:\/\/www.hoteldesalpes.com\/fr\/","logo":{"@type":"ImageObject","inLanguage":"fr-FR","@id":"https:\/\/www.hoteldesalpes.com\/fr\/#\/schema\/logo\/image\/","url":"http:\/\/www.hoteldesalpes.com\/wp-content\/uploads\/2017\/07\/logo-hoteldesalpes-torino-1-1.png","contentUrl":"http:\/\/www.hoteldesalpes.com\/wp-content\/uploads\/2017\/07\/logo-hoteldesalpes-torino-1-1.png","width":426,"height":66,"caption":"Hotel des Alpes"},"image":{"@id":"https:\/\/www.hoteldesalpes.com\/fr\/#\/schema\/logo\/image\/"},"sameAs":["https:\/\/www.instagram.com\/hoteldesalpes.rosta\/?hl=it","https:\/\/www.facebook.com\/HotelDesAlpesTo\/?fref=ts"]}]}},"_links":{"self":[{"href":"https:\/\/www.hoteldesalpes.com\/fr\/wp-json\/wp\/v2\/pages\/2837"}],"collection":[{"href":"https:\/\/www.hoteldesalpes.com\/fr\/wp-json\/wp\/v2\/pages"}],"about":[{"href":"https:\/\/www.hoteldesalpes.com\/fr\/wp-json\/wp\/v2\/types\/page"}],"author":[{"embeddable":true,"href":"https:\/\/www.hoteldesalpes.com\/fr\/wp-json\/wp\/v2\/users\/2"}],"replies":[{"embeddable":true,"href":"https:\/\/www.hoteldesalpes.com\/fr\/wp-json\/wp\/v2\/comments?post=2837"}],"version-history":[{"count":6,"href":"https:\/\/www.hoteldesalpes.com\/fr\/wp-json\/wp\/v2\/pages\/2837\/revisions"}],"predecessor-version":[{"id":3018,"href":"https:\/\/www.hoteldesalpes.com\/fr\/wp-json\/wp\/v2\/pages\/2837\/revisions\/3018"}],"wp:attachment":[{"href":"https:\/\/www.hoteldesalpes.com\/fr\/wp-json\/wp\/v2\/media?parent=2837"}],"curies":[{"name":"wp","href":"https:\/\/api.w.org\/{rel}","templated":true}]}}