{"id":2831,"date":"2022-02-18T10:08:06","date_gmt":"2022-02-18T09:08:06","guid":{"rendered":"http:\/\/www.hoteldesalpes.com\/les-services\/"},"modified":"2022-02-25T16:17:47","modified_gmt":"2022-02-25T15:17:47","slug":"prestations-de-service","status":"publish","type":"page","link":"https:\/\/www.hoteldesalpes.com\/fr\/prestations-de-service\/","title":{"rendered":"Prestation de service"},"content":{"rendered":"<section class=\"l-section wpb_row height_auto with_img\"><div class=\"l-section-img\" style=\"background-image: url(https:\/\/www.hoteldesalpes.com\/wp-content\/uploads\/2022\/02\/hotel-des-alpes-reception-1.jpg);background-repeat: no-repeat;\" data-img-width=\"2000\" data-img-height=\"1333\"><\/div><div class=\"l-section-h i-cf\"><div class=\"g-cols vc_row via_grid cols_1 laptops-cols_inherit tablets-cols_inherit mobiles-cols_1 valign_top type_default stacking_default\"><div class=\"wpb_column vc_column_container\"><div class=\"vc_column-inner\"><div class=\"ult-spacer spacer-69fb0b568085d\" data-id=\"69fb0b568085d\" data-height=\"400\" data-height-mobile=\"300\" data-height-tab=\"300\" data-height-tab-portrait=\"300\" data-height-mobile-landscape=\"300\" style=\"clear:both;display:block;\"><\/div><\/div><\/div><\/div><\/div><\/section><section class=\"l-section wpb_row height_medium\"><div class=\"l-section-h i-cf\"><div class=\"g-cols vc_row via_grid cols_1 laptops-cols_inherit tablets-cols_inherit mobiles-cols_1 valign_top type_default stacking_default\"><div class=\"wpb_column vc_column_container\"><div class=\"vc_column-inner\"><div class=\"wpb_text_column\"><div class=\"wpb_wrapper\"><h3 style=\"text-align: center;\"><strong>TOUS LES SERVICES<\/strong><\/h3>\n<\/div><\/div><div class=\"w-separator size_small\"><\/div><div class=\"wpb_text_column\"><div class=\"wpb_wrapper\"><h6 style=\"text-align: center;\">Tous nos services pour un s\u00e9jour parfait<\/h6>\n<\/div><\/div><\/div><\/div><\/div><\/div><\/section><section class=\"l-section wpb_row us_custom_d51ec2ae has_text_color height_small\"><div class=\"l-section-h i-cf\"><div class=\"g-cols vc_row via_grid cols_1 laptops-cols_inherit tablets-cols_inherit mobiles-cols_1 valign_top type_default stacking_default\"><div class=\"wpb_column vc_column_container\"><div class=\"vc_column-inner\"><div class=\"wpb_text_column\"><div class=\"wpb_wrapper\"><h3 style=\"text-align: center;\"><strong>SERVICES DE L\u2019H\u00d4TEL DES ALPES<\/strong><\/h3>\n<\/div><\/div><\/div><\/div><\/div><\/div><\/section><section class=\"l-section wpb_row height_auto width_full\"><div class=\"l-section-h i-cf\"><div class=\"g-cols vc_row via_grid cols_3 laptops-cols_inherit tablets-cols_inherit mobiles-cols_1 valign_middle type_boxes stacking_default\" style=\"grid-gap:0px;\"><div class=\"wpb_column vc_column_container us_custom_203aacf3 has_bg_color\"><div class=\"vc_column-inner\"><div class=\"g-cols wpb_row us_custom_89546ea0 has_text_color via_grid cols_1 laptops-cols_inherit tablets-cols_inherit mobiles-cols_1 valign_top type_default stacking_default\" style=\"grid-gap:0;\"><div class=\"wpb_column vc_column_container\"><div class=\"vc_column-inner\"><div class=\"wpb_text_column\"><div class=\"wpb_wrapper\"><ul>\n<li>\n<h6>\nStationnement ext\u00e9rieur<\/h6>\n<\/li>\n<li>\n<h6>Garage<\/h6>\n<\/li>\n<li>\n<h6>Restaurant Sirio<br \/>\nOuvert lundi-vendredi h 12.00-14.00 e 19.00 -22.00.<br \/>\nFerm\u00e9 samedi et dimanche.<\/h6>\n<\/li>\n<li>\n<h6>Bar int\u00e9rieur<\/h6>\n<\/li>\n<li>\n<h6>Wifi dans tout l\u2019h\u00f4tel<\/h6>\n<\/li>\n<li>\n<h6>R\u00e9ception 24\/24 h.<\/h6>\n<\/li>\n<\/ul>\n<\/div><\/div><\/div><\/div><\/div><\/div><\/div><div class=\"wpb_column vc_column_container us_custom_e44e4a3b has_bg_color\"><div class=\"vc_column-inner\"><div class=\"g-cols wpb_row us_custom_89546ea0 has_text_color via_grid cols_1 laptops-cols_inherit tablets-cols_inherit mobiles-cols_1 valign_top type_default stacking_default\" style=\"grid-gap:0;\"><div class=\"wpb_column vc_column_container\"><div class=\"vc_column-inner\"><div class=\"wpb_text_column\"><div class=\"wpb_wrapper\"><ul>\n<li>\n<h6 style=\"text-align: left;\">Acc\u00e8s aux personnes \u00e0 mobilit\u00e9 r\u00e9duite et chambres \u00e9quip\u00e9es<\/h6>\n<\/li>\n<li style=\"text-align: left;\">\n<h6>Petit-d\u00e9jeuner buffet de 07h00 \u00e0 9h30<\/h6>\n<\/li>\n<li style=\"text-align: left;\">\n<h6>Paiement avec les principales cartes de cr\u00e9dit<\/h6>\n<\/li>\n<li style=\"text-align: left;\">\n<h6>Service de r\u00e9servation de taxi<\/h6>\n<\/li>\n<li style=\"text-align: left;\">\n<h6>Informations touristiques<\/h6>\n<\/li>\n<\/ul>\n<\/div><\/div><\/div><\/div><\/div><\/div><\/div><div class=\"wpb_column vc_column_container us_custom_e2cea211 has_bg_color\"><div class=\"vc_column-inner\"><div class=\"g-cols wpb_row us_custom_89546ea0 has_text_color via_grid cols_1 laptops-cols_inherit tablets-cols_inherit mobiles-cols_1 valign_top type_default stacking_default\" style=\"grid-gap:0;\"><div class=\"wpb_column vc_column_container\"><div class=\"vc_column-inner\"><div class=\"wpb_text_column\"><div class=\"wpb_wrapper\"><ul>\n<li>\n<h6>Equipe multilingue<\/h6>\n<\/li>\n<li>\n<h6>2 ascenseurs<\/h6>\n<\/li>\n<li>\n<h6>Conventions pour les entreprises<\/h6>\n<\/li>\n<li>\n<h6>Conventions pour longs s\u00e9jours<\/h6>\n<\/li>\n<li>\n<h6>Acceptation des groupes \u00e9tudiants et adultes<\/h6>\n<\/li>\n<li>\n<h6>Gym \u00e0 distance de marche, \u00e0 distance de marche<\/h6>\n<\/li>\n<\/ul>\n<\/div><\/div><\/div><\/div><\/div><\/div><\/div><\/div><\/div><\/section><section class=\"l-section wpb_row us_custom_56263c1b has_text_color height_small\"><div class=\"l-section-h i-cf\"><div class=\"g-cols vc_row via_grid cols_1 laptops-cols_inherit tablets-cols_inherit mobiles-cols_1 valign_top type_default stacking_default\"><div class=\"wpb_column vc_column_container\"><div class=\"vc_column-inner\"><div class=\"wpb_text_column\"><div class=\"wpb_wrapper\"><h3 style=\"text-align: center;\"><strong>SERVICES EN CHAMBRE<\/strong><\/h3>\n<\/div><\/div><\/div><\/div><\/div><\/div><\/section><section class=\"l-section wpb_row height_auto width_full\"><div class=\"l-section-h i-cf\"><div class=\"g-cols vc_row via_grid cols_3 laptops-cols_inherit tablets-cols_inherit mobiles-cols_1 valign_middle type_boxes stacking_default\" style=\"grid-gap:0;\"><div class=\"wpb_column vc_column_container us_custom_a2a62ed5 has_bg_color\"><div class=\"vc_column-inner\"><div class=\"g-cols wpb_row us_custom_89546ea0 has_text_color via_grid cols_1 laptops-cols_inherit tablets-cols_inherit mobiles-cols_1 valign_top type_default stacking_default\"><div class=\"wpb_column vc_column_container\"><div class=\"vc_column-inner\"><div class=\"wpb_text_column\"><div class=\"wpb_wrapper\"><ul>\n<li>\n<h6>TV<\/h6>\n<\/li>\n<li>\n<h6>S\u00fbr<\/h6>\n<\/li>\n<li>\n<h6>Salle de bain avec douche<\/h6>\n<\/li>\n<li>\n<h6>T\u00e9l\u00e9phone<\/h6>\n<\/li>\n<li>\n<h6>S\u00e8che-cheveux<\/h6>\n<\/li>\n<\/ul>\n<\/div><\/div><\/div><\/div><\/div><\/div><\/div><div class=\"wpb_column vc_column_container us_custom_f9c15782 has_bg_color\"><div class=\"vc_column-inner\"><div class=\"g-cols wpb_row us_custom_89546ea0 has_text_color via_grid cols_1 laptops-cols_inherit tablets-cols_inherit mobiles-cols_1 valign_top type_default stacking_default\"><div class=\"wpb_column vc_column_container\"><div class=\"vc_column-inner\"><div class=\"wpb_text_column\"><div class=\"wpb_wrapper\"><ul>\n<li>\n<h6>Chambres fumeurs et non-fumeurs<\/h6>\n<\/li>\n<li>\n<h6>Chambres familiales (triples et quadruples)<\/h6>\n<\/li>\n<li>\n<h6>Chambre familiale avec lit suppl\u00e9mentaire<\/h6>\n<\/li>\n<li>\n<h6>Climatisation<\/h6>\n<\/li>\n<li>\n<h6>Minibar<\/h6>\n<\/li>\n<\/ul>\n<\/div><\/div><\/div><\/div><\/div><\/div><\/div><div class=\"wpb_column vc_column_container us_custom_000eea91 has_bg_color\"><div class=\"vc_column-inner\"><div class=\"g-cols wpb_row us_custom_89546ea0 has_text_color via_grid cols_1 laptops-cols_inherit tablets-cols_inherit mobiles-cols_1 valign_top type_default stacking_default\"><div class=\"wpb_column vc_column_container\"><div class=\"vc_column-inner\"><div class=\"wpb_text_column\"><div class=\"wpb_wrapper\"><h6><\/h6>\n<ul>\n<li>\n<h6>Service de chambre<\/h6>\n<\/li>\n<li>\n<h6>Service de r\u00e9veil<\/h6>\n<\/li>\n<li>\n<h6>Animaux accept\u00e9s sur demande<\/h6>\n<\/li>\n<li>\n<h6>Bouilloires avec une s\u00e9lection de th\u00e9s et tisanes (uniquement dans certains types de chambres)<\/h6>\n<\/li>\n<\/ul>\n<\/div><\/div><\/div><\/div><\/div><\/div><\/div><\/div><\/div><\/section><section class=\"l-section wpb_row us_custom_28c1c67b has_text_color height_small\"><div class=\"l-section-h i-cf\"><div class=\"g-cols vc_row via_grid cols_1 laptops-cols_inherit tablets-cols_inherit mobiles-cols_1 valign_top type_default stacking_default\"><div class=\"wpb_column vc_column_container\"><div class=\"vc_column-inner\"><div class=\"wpb_text_column\"><div class=\"wpb_wrapper\"><h3 style=\"text-align: center;\"><strong>DES SERVICES SUR MESURE POUR VOUS<\/strong><\/h3>\n<\/div><\/div><\/div><\/div><\/div><\/div><\/section><section class=\"l-section wpb_row height_auto width_full\"><div class=\"l-section-h i-cf\"><div class=\"g-cols vc_row via_grid cols_2 laptops-cols_inherit tablets-cols_inherit mobiles-cols_1 valign_middle type_boxes stacking_default\"><div class=\"wpb_column vc_column_container us_custom_f0991a8e has_bg_color\"><div class=\"vc_column-inner\"><div class=\"g-cols wpb_row us_custom_89546ea0 has_text_color via_grid cols_1 laptops-cols_inherit tablets-cols_inherit mobiles-cols_1 valign_top type_default stacking_default\"><div class=\"wpb_column vc_column_container\"><div class=\"vc_column-inner\"><div class=\"wpb_text_column\"><div class=\"wpb_wrapper\"><h3 style=\"text-align: center;\"><strong>SERVICES POUR LES CYCLISTES<\/strong><\/h3>\n<\/div><\/div><div class=\"w-separator size_small\"><\/div><div class=\"wpb_text_column\"><div class=\"wpb_wrapper\"><ul>\n<li>\n<h6>Petits outils de r\u00e9paration<\/h6>\n<\/li>\n<li>\n<h6>Local \u00e0 v\u00e9los<\/h6>\n<\/li>\n<li>\n<h6>Service de location (via une activit\u00e9 affili\u00e9e)<\/h6>\n<\/li>\n<li>\n<h6>Organisation de visites guid\u00e9es \u00e0 v\u00e9lo (via une activit\u00e9 partenaire)<\/h6>\n<\/li>\n<li>\n<h6>Tarifs r\u00e9duits<\/h6>\n<\/li>\n<\/ul>\n<\/div><\/div><\/div><\/div><\/div><\/div><\/div><div class=\"wpb_column vc_column_container us_custom_e08339bf has_bg_color\"><div class=\"vc_column-inner\"><div class=\"g-cols wpb_row us_custom_89546ea0 has_text_color via_grid cols_1 laptops-cols_inherit tablets-cols_inherit mobiles-cols_1 valign_top type_default stacking_default\"><div class=\"wpb_column vc_column_container\"><div class=\"vc_column-inner\"><div class=\"wpb_text_column\"><div class=\"wpb_wrapper\"><h3 style=\"text-align: center;\"><strong>SERVICES AUX MOTOCYCLISTES<\/strong><\/h3>\n<\/div><\/div><div class=\"w-separator size_small\"><\/div><div class=\"wpb_text_column\"><div class=\"wpb_wrapper\"><ul>\n<li>\n<h6>Garage couvert<\/h6>\n<\/li>\n<li>\n<h6>M\u00e9canicien avec accord<\/h6>\n<\/li>\n<li>\n<h6>Tarifs r\u00e9duits<\/h6>\n<\/li>\n<\/ul>\n<\/div><\/div><\/div><\/div><\/div><\/div><\/div><\/div><\/div><\/section>\n","protected":false},"excerpt":{"rendered":"TOUS LES SERVICES Tous nos services pour un s\u00e9jour parfait SERVICES DE L\u2019H\u00d4TEL DES ALPES Stationnement ext\u00e9rieur Garage Restaurant Sirio Ouvert lundi-vendredi h 12.00-14.00 e 19.00 -22.00. Ferm\u00e9 samedi et dimanche. Bar int\u00e9rieur Wifi dans tout l\u2019h\u00f4tel R\u00e9ception 24\/24 h. Acc\u00e8s aux personnes \u00e0 mobilit\u00e9 r\u00e9duite et chambres \u00e9quip\u00e9es Petit-d\u00e9jeuner buffet de 07h00 \u00e0 9h30...","protected":false},"author":2,"featured_media":0,"parent":0,"menu_order":0,"comment_status":"closed","ping_status":"closed","template":"","meta":[],"yoast_head":"<!-- This site is optimized with the Yoast SEO plugin v19.10 - https:\/\/yoast.com\/wordpress\/plugins\/seo\/ -->\n<title>Prestation de service - Hotel Desalpes<\/title>\n<meta name=\"robots\" content=\"index, follow, max-snippet:-1, max-image-preview:large, max-video-preview:-1\" \/>\n<link rel=\"canonical\" href=\"https:\/\/www.hoteldesalpes.com\/fr\/prestations-de-service\/\" \/>\n<meta property=\"og:locale\" content=\"fr_FR\" \/>\n<meta property=\"og:type\" content=\"article\" \/>\n<meta property=\"og:title\" content=\"Prestation de service - Hotel Desalpes\" \/>\n<meta property=\"og:url\" content=\"https:\/\/www.hoteldesalpes.com\/fr\/prestations-de-service\/\" \/>\n<meta property=\"og:site_name\" content=\"Hotel Desalpes\" \/>\n<meta property=\"article:publisher\" content=\"https:\/\/www.facebook.com\/HotelDesAlpesTo\/?fref=ts\" \/>\n<meta property=\"article:modified_time\" content=\"2022-02-25T15:17:47+00:00\" \/>\n<meta name=\"twitter:card\" content=\"summary_large_image\" \/>\n<meta name=\"twitter:label1\" content=\"Dur\u00e9e de lecture estim\u00e9e\" \/>\n\t<meta name=\"twitter:data1\" content=\"6 minutes\" \/>\n<script type=\"application\/ld+json\" class=\"yoast-schema-graph\">{\"@context\":\"https:\/\/schema.org\",\"@graph\":[{\"@type\":\"WebPage\",\"@id\":\"https:\/\/www.hoteldesalpes.com\/fr\/prestations-de-service\/\",\"url\":\"https:\/\/www.hoteldesalpes.com\/fr\/prestations-de-service\/\",\"name\":\"Prestation de service - Hotel Desalpes\",\"isPartOf\":{\"@id\":\"https:\/\/www.hoteldesalpes.com\/fr\/#website\"},\"datePublished\":\"2022-02-18T09:08:06+00:00\",\"dateModified\":\"2022-02-25T15:17:47+00:00\",\"breadcrumb\":{\"@id\":\"https:\/\/www.hoteldesalpes.com\/fr\/prestations-de-service\/#breadcrumb\"},\"inLanguage\":\"fr-FR\",\"potentialAction\":[{\"@type\":\"ReadAction\",\"target\":[\"https:\/\/www.hoteldesalpes.com\/fr\/prestations-de-service\/\"]}]},{\"@type\":\"BreadcrumbList\",\"@id\":\"https:\/\/www.hoteldesalpes.com\/fr\/prestations-de-service\/#breadcrumb\",\"itemListElement\":[{\"@type\":\"ListItem\",\"position\":1,\"name\":\"Home\",\"item\":\"https:\/\/www.hoteldesalpes.com\/fr\/home\/\"},{\"@type\":\"ListItem\",\"position\":2,\"name\":\"Prestation de service\"}]},{\"@type\":\"WebSite\",\"@id\":\"https:\/\/www.hoteldesalpes.com\/fr\/#website\",\"url\":\"https:\/\/www.hoteldesalpes.com\/fr\/\",\"name\":\"Hotel Desalpes\",\"description\":\"Hotel 3 stelle a Rosta, a venti minuti da Torino\",\"publisher\":{\"@id\":\"https:\/\/www.hoteldesalpes.com\/fr\/#organization\"},\"potentialAction\":[{\"@type\":\"SearchAction\",\"target\":{\"@type\":\"EntryPoint\",\"urlTemplate\":\"https:\/\/www.hoteldesalpes.com\/fr\/?s={search_term_string}\"},\"query-input\":\"required name=search_term_string\"}],\"inLanguage\":\"fr-FR\"},{\"@type\":\"Organization\",\"@id\":\"https:\/\/www.hoteldesalpes.com\/fr\/#organization\",\"name\":\"Hotel des Alpes\",\"url\":\"https:\/\/www.hoteldesalpes.com\/fr\/\",\"logo\":{\"@type\":\"ImageObject\",\"inLanguage\":\"fr-FR\",\"@id\":\"https:\/\/www.hoteldesalpes.com\/fr\/#\/schema\/logo\/image\/\",\"url\":\"http:\/\/www.hoteldesalpes.com\/wp-content\/uploads\/2017\/07\/logo-hoteldesalpes-torino-1-1.png\",\"contentUrl\":\"http:\/\/www.hoteldesalpes.com\/wp-content\/uploads\/2017\/07\/logo-hoteldesalpes-torino-1-1.png\",\"width\":426,\"height\":66,\"caption\":\"Hotel des Alpes\"},\"image\":{\"@id\":\"https:\/\/www.hoteldesalpes.com\/fr\/#\/schema\/logo\/image\/\"},\"sameAs\":[\"https:\/\/www.instagram.com\/hoteldesalpes.rosta\/?hl=it\",\"https:\/\/www.facebook.com\/HotelDesAlpesTo\/?fref=ts\"]}]}<\/script>\n<!-- \/ Yoast SEO plugin. -->","yoast_head_json":{"title":"Prestation de service - Hotel Desalpes","robots":{"index":"index","follow":"follow","max-snippet":"max-snippet:-1","max-image-preview":"max-image-preview:large","max-video-preview":"max-video-preview:-1"},"canonical":"https:\/\/www.hoteldesalpes.com\/fr\/prestations-de-service\/","og_locale":"fr_FR","og_type":"article","og_title":"Prestation de service - Hotel Desalpes","og_url":"https:\/\/www.hoteldesalpes.com\/fr\/prestations-de-service\/","og_site_name":"Hotel Desalpes","article_publisher":"https:\/\/www.facebook.com\/HotelDesAlpesTo\/?fref=ts","article_modified_time":"2022-02-25T15:17:47+00:00","twitter_card":"summary_large_image","twitter_misc":{"Dur\u00e9e de lecture estim\u00e9e":"6 minutes"},"schema":{"@context":"https:\/\/schema.org","@graph":[{"@type":"WebPage","@id":"https:\/\/www.hoteldesalpes.com\/fr\/prestations-de-service\/","url":"https:\/\/www.hoteldesalpes.com\/fr\/prestations-de-service\/","name":"Prestation de service - Hotel Desalpes","isPartOf":{"@id":"https:\/\/www.hoteldesalpes.com\/fr\/#website"},"datePublished":"2022-02-18T09:08:06+00:00","dateModified":"2022-02-25T15:17:47+00:00","breadcrumb":{"@id":"https:\/\/www.hoteldesalpes.com\/fr\/prestations-de-service\/#breadcrumb"},"inLanguage":"fr-FR","potentialAction":[{"@type":"ReadAction","target":["https:\/\/www.hoteldesalpes.com\/fr\/prestations-de-service\/"]}]},{"@type":"BreadcrumbList","@id":"https:\/\/www.hoteldesalpes.com\/fr\/prestations-de-service\/#breadcrumb","itemListElement":[{"@type":"ListItem","position":1,"name":"Home","item":"https:\/\/www.hoteldesalpes.com\/fr\/home\/"},{"@type":"ListItem","position":2,"name":"Prestation de service"}]},{"@type":"WebSite","@id":"https:\/\/www.hoteldesalpes.com\/fr\/#website","url":"https:\/\/www.hoteldesalpes.com\/fr\/","name":"Hotel Desalpes","description":"Hotel 3 stelle a Rosta, a venti minuti da Torino","publisher":{"@id":"https:\/\/www.hoteldesalpes.com\/fr\/#organization"},"potentialAction":[{"@type":"SearchAction","target":{"@type":"EntryPoint","urlTemplate":"https:\/\/www.hoteldesalpes.com\/fr\/?s={search_term_string}"},"query-input":"required name=search_term_string"}],"inLanguage":"fr-FR"},{"@type":"Organization","@id":"https:\/\/www.hoteldesalpes.com\/fr\/#organization","name":"Hotel des Alpes","url":"https:\/\/www.hoteldesalpes.com\/fr\/","logo":{"@type":"ImageObject","inLanguage":"fr-FR","@id":"https:\/\/www.hoteldesalpes.com\/fr\/#\/schema\/logo\/image\/","url":"http:\/\/www.hoteldesalpes.com\/wp-content\/uploads\/2017\/07\/logo-hoteldesalpes-torino-1-1.png","contentUrl":"http:\/\/www.hoteldesalpes.com\/wp-content\/uploads\/2017\/07\/logo-hoteldesalpes-torino-1-1.png","width":426,"height":66,"caption":"Hotel des Alpes"},"image":{"@id":"https:\/\/www.hoteldesalpes.com\/fr\/#\/schema\/logo\/image\/"},"sameAs":["https:\/\/www.instagram.com\/hoteldesalpes.rosta\/?hl=it","https:\/\/www.facebook.com\/HotelDesAlpesTo\/?fref=ts"]}]}},"_links":{"self":[{"href":"https:\/\/www.hoteldesalpes.com\/fr\/wp-json\/wp\/v2\/pages\/2831"}],"collection":[{"href":"https:\/\/www.hoteldesalpes.com\/fr\/wp-json\/wp\/v2\/pages"}],"about":[{"href":"https:\/\/www.hoteldesalpes.com\/fr\/wp-json\/wp\/v2\/types\/page"}],"author":[{"embeddable":true,"href":"https:\/\/www.hoteldesalpes.com\/fr\/wp-json\/wp\/v2\/users\/2"}],"replies":[{"embeddable":true,"href":"https:\/\/www.hoteldesalpes.com\/fr\/wp-json\/wp\/v2\/comments?post=2831"}],"version-history":[{"count":7,"href":"https:\/\/www.hoteldesalpes.com\/fr\/wp-json\/wp\/v2\/pages\/2831\/revisions"}],"predecessor-version":[{"id":2961,"href":"https:\/\/www.hoteldesalpes.com\/fr\/wp-json\/wp\/v2\/pages\/2831\/revisions\/2961"}],"wp:attachment":[{"href":"https:\/\/www.hoteldesalpes.com\/fr\/wp-json\/wp\/v2\/media?parent=2831"}],"curies":[{"name":"wp","href":"https:\/\/api.w.org\/{rel}","templated":true}]}}